{"id":165,"date":"2024-06-19T13:06:02","date_gmt":"2024-06-19T13:06:02","guid":{"rendered":"https:\/\/www.ai2p.fr\/?page_id=165"},"modified":"2024-06-19T13:07:06","modified_gmt":"2024-06-19T13:07:06","slug":"politique-de-cookiepolitique-de-confidentialite-et-cookies-www-ai2p-fr","status":"publish","type":"page","link":"https:\/\/www.ai2p.fr\/index.php\/politique-de-cookiepolitique-de-confidentialite-et-cookies-www-ai2p-fr\/","title":{"rendered":"Politique de confidentialit\u00e9 et cookies www.ai2p.fr"},"content":{"rendered":"\t\t<div data-elementor-type=\"wp-page\" data-elementor-id=\"165\" class=\"elementor elementor-165\" data-elementor-post-type=\"page\">\n\t\t\t\t<div class=\"elementor-element elementor-element-5246936 e-flex e-con-boxed e-con e-parent\" data-id=\"5246936\" data-element_type=\"container\" data-settings=\"{&quot;jet_parallax_layout_list&quot;:[]}\">\n\t\t\t\t\t<div class=\"e-con-inner\">\n\t\t\t\t<div class=\"elementor-element elementor-element-c93796a elementor-widget elementor-widget-text-editor\" data-id=\"c93796a\" data-element_type=\"widget\" data-widget_type=\"text-editor.default\">\n\t\t\t\t<div class=\"elementor-widget-container\">\n\t\t\t<style>\/*! elementor - v3.22.0 - 26-06-2024 *\/\n.elementor-widget-text-editor.elementor-drop-cap-view-stacked .elementor-drop-cap{background-color:#69727d;color:#fff}.elementor-widget-text-editor.elementor-drop-cap-view-framed .elementor-drop-cap{color:#69727d;border:3px solid;background-color:transparent}.elementor-widget-text-editor:not(.elementor-drop-cap-view-default) .elementor-drop-cap{margin-top:8px}.elementor-widget-text-editor:not(.elementor-drop-cap-view-default) .elementor-drop-cap-letter{width:1em;height:1em}.elementor-widget-text-editor .elementor-drop-cap{float:left;text-align:center;line-height:1;font-size:50px}.elementor-widget-text-editor .elementor-drop-cap-letter{display:inline-block}<\/style>\t\t\t\t<p>Derni\u00e8re mise \u00e0 jour : 10\/04\/2024<br \/><br \/><br \/><br \/>Bienvenue sur la politique de confidentialit\u00e9 du site www.ai2p.fr<\/p><p><br \/>Le pr\u00e9sent document a pour objectif de vous pr\u00e9senter simplement quelles sont les informations collect\u00e9es lors que vous utilisez le site www.ai2p.fr c\u2019est-\u00e0-dire le site internet, (ci-apr\u00e8s le \u00ab Site \u00bb) et comment sont-elles trait\u00e9es.<\/p><p>www.ai2p.fr vous recommande donc fortement de pr\u00eater une attention toute particuli\u00e8re \u00e0 cette politique de confidentialit\u00e9.<\/p><p>\u00a0<\/p><p>1. POURQUOI COLLECTER DES DONNEES VOUS CONCERNANT ? <br \/>www.ai2p.fr collecte et traite des donn\u00e9es vous concernant uniquement lorsque www.ai2p.fr a une raison de le faire. <br \/>En bref<br \/>Par principe, www.ai2p.fr n\u2019a pas besoin de collecter des donn\u00e9es vous identifiant lorsque vous vous contentez de naviguer sur le Site. Cependant, www.ai2p.fr va alors collecter automatiquement des donn\u00e9es concernant votre terminal via des cookies. <br \/>En d\u00e9tail<br \/><br \/>www.ai2p.fr collecte et traite des donn\u00e9es personnelles vous concernant :<\/p><p>1\/ Sur la base de votre consentement, et notamment pour r\u00e9pondre \u00e0 vos demandes :<br \/><br \/>\u2022 Vous adressez des informations sur les offres et actualit\u00e9s de www.ai2p.fr ;<br \/>\u2022 Donner suite \u00e0 vos requ\u00eates et r\u00e9clamations ;<br \/>\u2022 Am\u00e9liorer le fonctionnement du Site en r\u00e9alisant des statistiques d\u2019audience. <br \/><br \/>2\/ Pour la poursuite des int\u00e9r\u00eats l\u00e9gitimes de www.ai2p.fr qui sont de g\u00e9rer la commercialisation de ses services, notamment :<br \/><br \/>\u2022 Assurer la gestion de sa relation commerciale avec vous ;<br \/>\u2022 Assurer le bon fonctionnement du Site de mani\u00e8re s\u00e9curis\u00e9e.<\/p><p>Pour toutes ces finalit\u00e9s fond\u00e9es sur l\u2019int\u00e9r\u00eat l\u00e9gitime, www.ai2p.fr s\u2019assure de prendre en compte tout impact potentiel que cette collecte peut avoir sur vous et les utilisateurs du Site de mani\u00e8re g\u00e9n\u00e9rale. Dans le cas o\u00f9 www.ai2p.fr estime que votre int\u00e9r\u00eat ou vos droits et libert\u00e9s fondamentaux outrepassent son int\u00e9r\u00eat l\u00e9gitime, alors www.ai2p.fr n\u2019utilisera pas vos donn\u00e9es personnelles sur ce fondement et pourra vous demander votre consentement sp\u00e9cifique.<br \/>2. QUELLES DONNEES VOUS CONCERNANT www.ai2p.fr PEUT-IL COLLECTER ? <br \/>1\/ Informations sp\u00e9cifiques aux clients www.ai2p.fr.<br \/>Dans tous les cas, vous pouvez communiquer de mani\u00e8re facultative des informations compl\u00e9mentaires qui permettent \u00e0 www.ai2p.fr de mieux vous conna\u00eetre et d\u2019am\u00e9liorer sa communication \u00e0 votre \u00e9gard.<br \/>2\/ Informations g\u00e9n\u00e9rales<\/p><p>www.ai2p.fr collecte directement les informations suivantes aupr\u00e8s de vous lorsque vous utilisez le Site et les services :<br \/><br \/>\u2022 Vos donn\u00e9es d\u2019identification et de contact (par exemple, vos nom et pr\u00e9nom, adresse e-mail, num\u00e9ro de t\u00e9l\u00e9phone, votre soci\u00e9t\u00e9, adresse) n\u00e9cessaires \u00e0 votre identification ou pour vous contacter lorsque vous utilisez un des services ;<br \/>\u2022 Donn\u00e9es relatives au suivi de la relation commerciale.<\/p><p>Les donn\u00e9es personnelles indispensables \u00e0 www.ai2p.fr pour remplir les finalit\u00e9s d\u00e9crites ci-dessus sont signal\u00e9es au moment de leur collecte. Si vous ne renseignez pas ces champs obligatoires, www.ai2p.fr ne pourra pas r\u00e9pondre \u00e0 vos demandes et\/ou vous fournir les services demand\u00e9s. Les autres informations ont un caract\u00e8re facultatif et permettent d&rsquo;am\u00e9liorer la communication et les services de www.ai2p.fr \u00e0 votre \u00e9gard.<br \/><br \/>D\u2019autres donn\u00e9es sont collect\u00e9es automatiquement lorsque vous acc\u00e9dez au Site ou que vous utilisez les services de www.ai2p.fr :<br \/><br \/>\u2022 Donn\u00e9es d\u2019identification et de connexion concernant le terminal utilis\u00e9 : votre adresse IP, votre type de navigateur et des informations de navigation (date et heures de connexion, la nature et le contenu des requ\u00eates http, etc.) sont \u00e9galement collect\u00e9s \u00e0 des fins d\u2019administration et\/ou d\u2019\u00e9tablissement de statistiques, comme d\u00e9taill\u00e9 dans la Politique cookies ;<br \/>\u2022 Informations sur votre utilisation des services : pages visit\u00e9es sur le Site et dans le cadre des services, recherches que vous effectuez sur le Site, interaction avec les services et les autres utilisateurs des services ;<br \/>\u2022 Vos donn\u00e9es de g\u00e9olocalisation et identifiants standards des r\u00e9seaux Wi-Fi d\u00e9tect\u00e9s, uniquement si vous \u00eates d\u2019accord pour cela ;<\/p><p><br \/>4. DESTINATAIRES DE VOS DONNEES PERSONNELLES<br \/><br \/>\u2022 Gestion du Site et des services<br \/>Vos donn\u00e9es personnelles sont trait\u00e9es par www.ai2p.fr. Elles ne seront c\u00e9d\u00e9es ou rendues accessibles \u00e0 aucun tiers sous r\u00e9serve des sous-traitants et prestataires de www.ai2p.fr<\/p><p>Gestion client et prospection<br \/>Vos donn\u00e9es personnelles sont accessibles aux personnels autoris\u00e9s de www.ai2p.fr avec lesquels vous \u00eates en contact pour la gestion de la relation commerciale.<\/p><p>\u2022 Protection et d\u00e9fense des droits de www.ai2p.fr<br \/>Enfin, www.ai2p.fr pourra \u00eatre amen\u00e9e \u00e0 communiquer \u00e0 des tiers vos donn\u00e9es personnelles lorsqu\u2019une telle communication est requise par la loi, une disposition r\u00e9glementaire ou une d\u00e9cision judiciaire, ou si cette communication est n\u00e9cessaire pour assurer la protection et la d\u00e9fense de ses droits (par exemple aux mandataires et conseils externes en cas de recouvrement de cr\u00e9ance ; aux assureurs dans le cas o\u00f9 cela serait n\u00e9cessaire).<\/p><p>\u2022 Communication de vos donn\u00e9es aux autres utilisateurs du Site<br \/>Lorsque vous publiez des contenus sur le Site (par exemple des avis), ces contenus sont disponibles publiquement \u00e0 l\u2019ensemble des utilisateurs.<br \/><br \/>5. TRANSFERTS DE VOS DONNEES A L\u2019ETRANGER<br \/><br \/>Vos donn\u00e9es personnelles sont trait\u00e9es et h\u00e9berg\u00e9es en France, Union Europ\u00e9enne.<\/p><p>Dans le cas, o\u00f9 elles seraient transf\u00e9r\u00e9es en dehors de l\u2019Espace Economique Europ\u00e9en dans des pays dont la l\u00e9gislation applicable en mati\u00e8re de protection des donn\u00e9es personnelles diff\u00e8re de celle applicable au sein de l\u2019Espace Economique Europ\u00e9en, ces transferts seraient effectu\u00e9s moyennant des garanties appropri\u00e9es permettant d\u2019assurer un niveau de protection suffisant de la vie priv\u00e9e et des droits fondamentaux, notamment la signature des clauses contractuelles types adopt\u00e9es par la commission europ\u00e9enne.<br \/><br \/><br \/>6. DUREE DE CONSERVATION<br \/><br \/>www.ai2p.fr ne conserve pas vos donn\u00e9es personnelles au-del\u00e0 de la dur\u00e9e n\u00e9cessaire \u00e0 la r\u00e9alisation des finalit\u00e9s pour lesquelles elles ont \u00e9t\u00e9 collect\u00e9es.<br \/><br \/>Contacts et r\u00e9clamations<br \/>Les donn\u00e9es personnelles vous concernant et les informations g\u00e9n\u00e9rales sur vos requ\u00eates (par exemple, demandes d\u2019information sur les services, sujet de la demande et vos informations) collect\u00e9es et trait\u00e9es dans le cadre de la rubrique \u00ab contact \u00bb ou dans le cadre de contact avec les personnels sont conserv\u00e9es le temps de r\u00e9pondre \u00e0 votre demande et pendant 3 ans \u00e0 compter du dernier contact avec vous. <br \/><br \/><br \/><br \/>7. SECURITE<br \/><br \/>www.ai2p.fr a mis en place les mesures techniques et organisationnelles appropri\u00e9es pour garantir la confidentialit\u00e9 et la s\u00e9curit\u00e9 de vos donn\u00e9es personnelles contre toute perte, destruction, alt\u00e9ration, acc\u00e8s ou divulgation non autoris\u00e9e. <br \/><br \/>8. MODIFICATIONS ET MISES A JOUR DE LA POLITIQUE DE CONFIDENTIALITE<br \/><br \/>La Politique de confidentialit\u00e9 peut \u00eatre modifi\u00e9e et mise \u00e0 jour pour refl\u00e9ter les changements dans les pratiques de www.ai2p.fr ou pour assurer le respect de la r\u00e8glementation en cas de modification de celle-ci. <br \/><br \/>En cas de modification ou de mise \u00e0 jour, la Politique de confidentialit\u00e9 r\u00e9vis\u00e9e sera mise en ligne sur le Site, avec mention de la derni\u00e8re date de mise \u00e0 jour. Dans ce cas, vous en serez inform\u00e9 par une banni\u00e8re affich\u00e9e sur le Site vous invitant \u00e0 consulter la politique de confidentialit\u00e9 mise \u00e0 jour.<br \/><br \/>9. DROIT ET OPTIONS DONT VOUS DISPOSEZ<br \/><br \/>Acc\u00e8s et rectification<br \/>Vous disposez d\u2019un droit d&rsquo;acc\u00e8s \u00e0 vos donn\u00e9es personnelles, ainsi que de celui de demander la rectification ou la suppression des donn\u00e9es qui s\u2019av\u00e8reraient inexactes.<br \/><br \/>Effacement. Vous pouvez \u00e9galement demander l\u2019effacement des donn\u00e9es \u00e0 caract\u00e8re personnel vous concernant d\u00e8s lors que leur conservation par www.ai2p.fr n\u2019est plus n\u00e9cessaire.<br \/><br \/>Opposition et Limitation. Vous pouvez \u00e9galement vous opposer au traitement de vos donn\u00e9es \u00e0 caract\u00e8re personnel ou demander sa limitation, sauf lorsque le traitement est n\u00e9cessaire \u00e0 la gestion des services propos\u00e9s par www.ai2p.fr<br \/><br \/>Retrait du consentement. Lorsque le traitement de vos donn\u00e9es est fond\u00e9 sur votre consentement, vous pouvez \u00e0 tout moment retirer ce consentement.<br \/><br \/>Portabilit\u00e9. Vous pouvez par ailleurs exercer votre droit \u00e0 la portabilit\u00e9 (c\u2019est-\u00e0-dire les obtenir sous une forme structur\u00e9e lisible par ordinateur) concernant les donn\u00e9es \u00e0 caract\u00e8re personnel vous concernant que vous avez fourni directement \u00e0 www.ai2p.fr sur la base du consentement ou d\u2019un contrat conclu avec www.ai2p.fr et qui font l\u2019objet d\u2019un traitement automatis\u00e9.<br \/><br \/>Directives. Vous pouvez aussi faire part \u00e0 www.ai2p.fr de vos directives concernant la conservation, l\u2019effacement et la communication de vos donn\u00e9es \u00e0 caract\u00e8re personnel apr\u00e8s votre d\u00e9c\u00e8s et modifier ces directives \u00e0 tout moment.<br \/><br \/>Ces droits peuvent \u00eatre exerc\u00e9s directement aupr\u00e8s de www.ai2p.fr selon les modalit\u00e9s d\u00e9crites ci-dessous. Un justificatif d\u2019identit\u00e9 pourra vous \u00eatre demand\u00e9. <\/p><p>\u00a0<\/p><p>Politique Cookies<br \/>Derni\u00e8re mise \u00e0 jour : 10\/04\/2023<\/p><p>1. QU&rsquo;EST-CE QU&rsquo;UN COOKIE ?<br \/><br \/>Un \u00ab cookie \u00bb ou traceur d\u00e9signe un fichier texte susceptible d\u2019\u00eatre enregistr\u00e9 dans un espace d\u00e9di\u00e9 du disque dur de votre terminal (ordinateur, tablette, smartphone) lors de la consultation d\u2019un contenu ou d\u2019une publicit\u00e9 en ligne. Ce fichier cookie permet \u00e0 son \u00e9metteur d\u2019identifier le terminal dans lequel il est enregistr\u00e9, pendant la dur\u00e9e de validit\u00e9 ou d\u2019enregistrement du cookie. Les cookies ne permettent donc pas de vous identifier directement.<br \/><br \/>Lors de la consultation du Site, des informations relatives \u00e0 la navigation de votre terminal sur le Site sont enregistr\u00e9es dans les fichiers \u00ab cookies \u00bb install\u00e9s sur votre terminal, ce qui permet de suivre votre activit\u00e9, et de se souvenir d\u2019informations comme vos pr\u00e9f\u00e9rences ou vos informations pr\u00e9c\u00e9demment saisies dans les formulaires pr\u00e9sents.<br \/><br \/>2. INFORMATION SUR LE DEPOT DE COOKIES SUR LE SITE<br \/><br \/>Lorsque vous visitez le Site pour la premi\u00e8re fois, et que www.ai2p.fr envisage de placer des cookies soumis \u00e0 consentement sur votre terminal, vous \u00eates inform\u00e9 au moyen d\u2019une banni\u00e8re d\u2019information figurant en haut de la page. En param\u00e9trant vos choix concernant les cookies ou en cliquant sur \u00ab J\u2019accepte \u00bb dans le bandeau, vous acceptez l\u2019utilisation de cookies soumis \u00e0 consentement par www.ai2p.fr.<br \/><br \/>Vous pouvez modifier \u00e0 tout moment les param\u00e8tres relatifs aux cookies. <br \/><br \/>3. LES COOKIES EMIS SUR LE SITE<\/p><p>www.ai2p.fr d\u00e9pose divers types de cookies lorsque vous vous connectez au Site :<br \/><br \/>Des cookies techniques qui ne sont pas soumis \u00e0 consentement et qui permettent notamment :<br \/>\u2022 d&rsquo;adapter la pr\u00e9sentation du Site aux pr\u00e9f\u00e9rences d\u2019affichage de votre terminal (langue utilis\u00e9e, r\u00e9solution d\u2019affichage, syst\u00e8me d\u2019exploitation utilis\u00e9, etc.) Lors de vos visites sur le Site, selon les mat\u00e9riels et les logiciels de visualisation ou de lecture que votre terminal comporte ;<br \/><br \/>\u2022 de mettre en \u0153uvre des mesures de s\u00e9curit\u00e9, par exemple lorsqu&rsquo;il vous est demand\u00e9 de vous connecter \u00e0 nouveau \u00e0 un contenu ou \u00e0 un service apr\u00e8s un certain laps de temps ;<br \/><br \/>\u2022 de m\u00e9moriser des informations relatives \u00e0 un formulaire que vous avez rempli sur le Site (formulaire de contact). <br \/><br \/>Des cookies de mesure d\u2019audience qui sont soumis \u00e0 consentement et qui permettent :<br \/>\u2022 d&rsquo;\u00e9tablir des statistiques et volumes de fr\u00e9quentation et d\u2019utilisation des divers \u00e9l\u00e9ments composant le Site (rubriques et contenus visit\u00e9s, parcours), permettant \u00e0 www.ai2p.fr d\u2019am\u00e9liorer l\u2019int\u00e9r\u00eat et l\u2019ergonomie de ses services.<\/p><p>Vos donn\u00e9es de navigation sont associ\u00e9es quel que soit le terminal utilis\u00e9 gr\u00e2ce \u00e0 des technologies d\u2019\u00e9changes de cookies, ce qui permet de suivre votre parcours quel que soit le terminal utilis\u00e9.<\/p><p>\u00a0<\/p><p><br \/><br \/>4. GERER VOS PREFERENCES EN MATIERE DE COOKIES<br \/><br \/>Vos choix concernant les cookies<br \/>Tout enregistrement de cookie soumis \u00e0 consentement sur votre terminal est subordonn\u00e9 \u00e0 l\u2019obtention de votre consentement que vous pouvez exprimer et modifier \u00e0 tout moment en utilisant les possibilit\u00e9s d\u00e9crites ci-dessus. Vous pouvez toujours vous opposer aux cookies non soumis \u00e0 consentement. <br \/><br \/>Si vous avez accept\u00e9 l\u2019enregistrement des cookies dans votre terminal, les cookies int\u00e9gr\u00e9s sur les pages et contenus que vous avez consult\u00e9s seront stock\u00e9s dans un espace r\u00e9serv\u00e9 de votre terminal et ne seront lisibles et reconnaissables que par l\u2019\u00e9metteur.<br \/><br \/>Les cons\u00e9quences du refus des cookies<br \/>Dans le cas o\u00f9 vous refuseriez l\u2019enregistrement des cookies, ou si vous supprimez ceux qui sont enregistr\u00e9s, vous ne pourrez plus b\u00e9n\u00e9ficier d\u2019un certain nombre de fonctionnalit\u00e9s :<br \/><br \/>Pour les cookies n\u00e9cessaires : risque de ne plus pouvoir acc\u00e9der au Site et\/ou aux services du Site.<br \/><br \/>Pour les cookies de mesure d\u2019audience et de r\u00e9seaux sociaux : aucune cons\u00e9quence sur l\u2019utilisation du Site. <br \/><br \/><br \/>Quelles sont vos autres possibilit\u00e9s pour refuser le d\u00e9p\u00f4t de cookies ?<\/p><p>Les liens de d\u00e9sactivation sp\u00e9cifiques<\/p><p>Finalit\u00e9 \u00c9diteur Lien de d\u00e9sactivation<br \/>Mesure d\u2019audience Google analytics Lien de d\u00e9sactivation<\/p><p>Le param\u00e9trage du navigateur<br \/><br \/>S\u2019agissant de la gestion des cookies, chaque logiciel de navigation propose des modalit\u00e9s de configuration diff\u00e9rentes. Elles sont d\u00e9crites dans le menu d\u2019aide de chaque navigateur :<br \/><br \/>\u2022 Chrome : https:\/\/support.google.com\/accounts\/answer\/61416?hl=fr<br \/>\u2022 Firefox : https:\/\/support.mozilla.org\/fr\/kb\/enable-and-disable-cookies-webSite Internet-preferences<br \/>\u2022 Safari : http:\/\/www.apple.com\/legal\/privacy\/fr-ww\/<br \/>\u2022 Internet Explorer : https:\/\/support.microsoft.com\/fr-fr\/help\/17442\/windows-internet-explorer-delete-manage-cookies<br \/>\u2022 Opera : http:\/\/www.opera.com\/help\/tutorials\/security\/cookies\/<br \/><br \/><\/p>\t\t\t\t\t\t<\/div>\n\t\t\t\t<\/div>\n\t\t\t\t\t<\/div>\n\t\t\t\t<\/div>\n\t\t\t\t<\/div>\n\t\t","protected":false},"excerpt":{"rendered":"<p>Derni\u00e8re mise \u00e0 jour : 10\/04\/2024 Bienvenue sur la politique de confidentialit\u00e9 du site www.ai2p.fr Le pr\u00e9sent document a pour objectif de vous pr\u00e9senter simplement quelles sont les informations collect\u00e9es lors que vous utilisez le site www.ai2p.fr c\u2019est-\u00e0-dire le site internet, (ci-apr\u00e8s le \u00ab Site \u00bb) et comment sont-elles trait\u00e9es. www.ai2p.fr vous recommande donc fortement [&hellip;]<\/p>\n","protected":false},"author":1,"featured_media":0,"parent":0,"menu_order":0,"comment_status":"closed","ping_status":"closed","template":"","meta":{"footnotes":""},"_links":{"self":[{"href":"https:\/\/www.ai2p.fr\/index.php\/wp-json\/wp\/v2\/pages\/165"}],"collection":[{"href":"https:\/\/www.ai2p.fr\/index.php\/wp-json\/wp\/v2\/pages"}],"about":[{"href":"https:\/\/www.ai2p.fr\/index.php\/wp-json\/wp\/v2\/types\/page"}],"author":[{"embeddable":true,"href":"https:\/\/www.ai2p.fr\/index.php\/wp-json\/wp\/v2\/users\/1"}],"replies":[{"embeddable":true,"href":"https:\/\/www.ai2p.fr\/index.php\/wp-json\/wp\/v2\/comments?post=165"}],"version-history":[{"count":7,"href":"https:\/\/www.ai2p.fr\/index.php\/wp-json\/wp\/v2\/pages\/165\/revisions"}],"predecessor-version":[{"id":172,"href":"https:\/\/www.ai2p.fr\/index.php\/wp-json\/wp\/v2\/pages\/165\/revisions\/172"}],"wp:attachment":[{"href":"https:\/\/www.ai2p.fr\/index.php\/wp-json\/wp\/v2\/media?parent=165"}],"curies":[{"name":"wp","href":"https:\/\/api.w.org\/{rel}","templated":true}]}}