{"id":156,"date":"2024-06-18T13:22:46","date_gmt":"2024-06-18T13:22:46","guid":{"rendered":"https:\/\/www.ai2p.fr\/?page_id=156"},"modified":"2024-06-18T13:25:11","modified_gmt":"2024-06-18T13:25:11","slug":"mentions-legales","status":"publish","type":"page","link":"https:\/\/www.ai2p.fr\/index.php\/mentions-legales\/","title":{"rendered":"Mentions L\u00e9gales"},"content":{"rendered":"\t\t<div data-elementor-type=\"wp-page\" data-elementor-id=\"156\" class=\"elementor elementor-156\" data-elementor-post-type=\"page\">\n\t\t\t\t<div class=\"elementor-element elementor-element-8efa932 e-flex e-con-boxed e-con e-parent\" data-id=\"8efa932\" data-element_type=\"container\" data-settings=\"{&quot;jet_parallax_layout_list&quot;:[]}\">\n\t\t\t\t\t<div class=\"e-con-inner\">\n\t\t\t\t<div class=\"elementor-element elementor-element-81702f3 elementor-widget elementor-widget-text-editor\" data-id=\"81702f3\" data-element_type=\"widget\" data-widget_type=\"text-editor.default\">\n\t\t\t\t<div class=\"elementor-widget-container\">\n\t\t\t<style>\/*! elementor - v3.22.0 - 26-06-2024 *\/\n.elementor-widget-text-editor.elementor-drop-cap-view-stacked .elementor-drop-cap{background-color:#69727d;color:#fff}.elementor-widget-text-editor.elementor-drop-cap-view-framed .elementor-drop-cap{color:#69727d;border:3px solid;background-color:transparent}.elementor-widget-text-editor:not(.elementor-drop-cap-view-default) .elementor-drop-cap{margin-top:8px}.elementor-widget-text-editor:not(.elementor-drop-cap-view-default) .elementor-drop-cap-letter{width:1em;height:1em}.elementor-widget-text-editor .elementor-drop-cap{float:left;text-align:center;line-height:1;font-size:50px}.elementor-widget-text-editor .elementor-drop-cap-letter{display:inline-block}<\/style>\t\t\t\t<h1 id=\"Gui_Titre\" style=\"text-align: center;\"><strong>Mentions L\u00e9gales<\/strong><\/h1><div>\u00a0<\/div><div>\u00a0<\/div><div id=\"Content_Container\"><p>Les mentions l\u00e9gales sont r\u00e9glement\u00e9es par la Loi n\u00b0 2004-575 du 21 juin 2004 pour la confiance dans l\u2019\u00e9conomie num\u00e9rique<\/p><p><b>\u00c9DITION :<\/b><br \/>Ce site est \u00e9dit\u00e9 par la soci\u00e9t\u00e9 AI2P<br \/><span class=\"Valeur\">6 rue Desgenettes<\/span><br \/>75007 Paris<br \/>SIREN : 413 728 676 \u00a0R.C.S. PARIS\u00a0<br \/>Tel : 0153 631 480<br \/>Fax : 0145 489 975<br \/><a href=\"mailto: ai2p@ai2p.fr\">Courriel<\/a><\/p><p><b>Cr\u00e9ation et r\u00e9alisation<\/b><b> du site :<\/b><\/p><p><a href=\"https:\/\/trustystudio.fr\">TrustyStudio<\/a><br \/>1 avenue Christian Doppler<br \/>77700 &#8211; Serris<br \/>Tel : <span class=\"LrzXr zdqRlf kno-fv\"><a href=\"https:\/\/www.google.com\/search?client=firefox-b-d&amp;q=trusty+studio#\" data-dtype=\"d3ph\" data-local-attribute=\"d3ph\" data-ved=\"2ahUKEwj2qoaAoOWGAxUWAfsDHQOwDmQQkAgoAHoECDkQAw\"><span aria-label=\"Appeler le 06 69 08 62 27\">06 69 08 62 27<\/span><\/a><\/span><\/p><p><b>H<\/b><b>\u00e9bergement du site :<\/b>\u00a0<br \/><a href=\"http:\/\/www.aricia.fr\/\" target=\"_blank\" rel=\"noopener\">ARICIA<br \/><\/a>rue de l&rsquo;Eglise \u2013 B.P. 14<br \/>39270 ORGELET Cedex<br \/>T\u00e9l : 03.84.35.58.84<\/p><p><b>RESPONSABILIT\u00c9 : \u00a0<\/b><br \/>La soci\u00e9t\u00e9 AI2P s&rsquo;efforce d&rsquo;assurer au mieux de ses possibilit\u00e9s, l&rsquo;exactitude et la mise \u00e0 jour des informations diffus\u00e9es sur ce site, dont elle se r\u00e9serve le droit de corriger, \u00e0 tout moment et sans pr\u00e9avis, le contenu. Aussi, elle avertit le visiteur qu&rsquo;il lui appartient de v\u00e9rifier l&rsquo;information par d&rsquo;autres moyens.<\/p><p>En cons\u00e9quence,\u00a0la soci\u00e9t\u00e9 AI2P\u00a0d\u00e9cline toute responsabilit\u00e9 : pour toute impr\u00e9cision, inexactitude ou omission portant sur des informations disponibles sur le site ; pour tous dommages r\u00e9sultant d&rsquo;une intrusion frauduleuse d&rsquo;un tiers ayant entra\u00een\u00e9 une modification des informations mises \u00e0 la disposition sur le site ; et plus g\u00e9n\u00e9ralement pour tous dommages, directs ou indirects, qu&rsquo;elles qu&rsquo;en soient les causes, origines, nature ou cons\u00e9quences, provoqu\u00e9s \u00e0 raison de l&rsquo;acc\u00e8s de quiconque au site ou de l&rsquo;impossibilit\u00e9 d&rsquo;y acc\u00e9der, de m\u00eame que l&rsquo;utilisation du site et\/ou du cr\u00e9dit accord\u00e9 \u00e0 une quelconque information provenant directement ou indirectement de ce dernier.\u00a0<br \/>Par ailleurs, sauf mention contraire, les droits de propri\u00e9t\u00e9 intellectuelle sur les documents contenus dans le site et chacun des \u00e9l\u00e9ments cr\u00e9\u00e9s pour ce site sont la propri\u00e9t\u00e9 exclusive de la soci\u00e9t\u00e9\u00a0 AI2P, ou de ses clients, ou de ses fournisseurs, ceux-ci ne conc\u00e9dant aucune licence, ni aucun droit que celui de consulter le site.<\/p><p>La reproduction de tous documents publi\u00e9s sur le site est seulement autoris\u00e9e \u00e0 des fins exclusives d&rsquo;informations pour un usage personnel et priv\u00e9, toute reproduction et toute utilisation de copies r\u00e9alis\u00e9es \u00e0 d&rsquo;autres fins \u00e9tant express\u00e9ment interdite.<\/p><p><b>TRAITEMENT DES DONN\u00c9ES PERSONNELLES\u00a0<br \/><\/b>Les informations que la soci\u00e9t\u00e9 AI2P sera amen\u00e9e \u00e0 recueillir proviennent de l\u2019enregistrement volontaire d\u2019une adresse courriel fournie par l\u2019internaute, lui permettant de recevoir une documentation, de se renseigner sur un point quelconque. Ces informations ne sont jamais communiqu\u00e9es \u00e0 des tiers.<\/p><p><b>DROITS D\u2019AUTEUR\u00a0<\/b><br \/>L\u2019ensemble de ce site rel\u00e8ve de la l\u00e9gislation fran\u00e7aise et internationale sur le droit d\u2019auteur et la propri\u00e9t\u00e9 intellectuelle. Toute repr\u00e9sentation, reproduction, modification, utilisation commerciale, ainsi que tout transfert vers un autre site sont interdits, sauf autorisation \u00e0 demander par courrier \u00e0 l\u2019adresse indiqu\u00e9e plus haut. Seule une utilisation \u00e0 des fins strictement personnelle est autoris\u00e9e.<\/p><p><b>LIENS HYPERTEXTE<\/b>\u00a0(responsabilit\u00e9)\u00a0<br \/>Les liens hypertextes pr\u00e9sents sur le site orientant les utilisateurs vers d\u2019autres sites Internet n\u2019engagent pas la responsabilit\u00e9 de la soci\u00e9t\u00e9 AI2P quant au contenu de ces sites. Toute personne physique ou morale souhaitant que soit \u00e9tabli un lien avec <a href=\"http:\/\/www.ai2p.fr\">www.ai2p.fr<\/a> doit pr\u00e9alablement en demander l\u2019autorisation \u00e0\u00a0 la soci\u00e9t\u00e9 AI2P.<\/p><\/div>\t\t\t\t\t\t<\/div>\n\t\t\t\t<\/div>\n\t\t\t\t\t<\/div>\n\t\t\t\t<\/div>\n\t\t\t\t<\/div>\n\t\t","protected":false},"excerpt":{"rendered":"<p>Mentions L\u00e9gales \u00a0\u00a0 Les mentions l\u00e9gales sont r\u00e9glement\u00e9es par la Loi n\u00b0 2004-575 du 21 juin 2004 pour la confiance dans l\u2019\u00e9conomie num\u00e9rique \u00c9DITION :Ce site est \u00e9dit\u00e9 par la soci\u00e9t\u00e9 AI2P6 rue Desgenettes75007 ParisSIREN : 413 728 676 \u00a0R.C.S. PARIS\u00a0Tel : 0153 631 480Fax : 0145 489 975Courriel Cr\u00e9ation et r\u00e9alisation du site : [&hellip;]<\/p>\n","protected":false},"author":1,"featured_media":0,"parent":0,"menu_order":0,"comment_status":"closed","ping_status":"closed","template":"","meta":{"footnotes":""},"_links":{"self":[{"href":"https:\/\/www.ai2p.fr\/index.php\/wp-json\/wp\/v2\/pages\/156"}],"collection":[{"href":"https:\/\/www.ai2p.fr\/index.php\/wp-json\/wp\/v2\/pages"}],"about":[{"href":"https:\/\/www.ai2p.fr\/index.php\/wp-json\/wp\/v2\/types\/page"}],"author":[{"embeddable":true,"href":"https:\/\/www.ai2p.fr\/index.php\/wp-json\/wp\/v2\/users\/1"}],"replies":[{"embeddable":true,"href":"https:\/\/www.ai2p.fr\/index.php\/wp-json\/wp\/v2\/comments?post=156"}],"version-history":[{"count":7,"href":"https:\/\/www.ai2p.fr\/index.php\/wp-json\/wp\/v2\/pages\/156\/revisions"}],"predecessor-version":[{"id":163,"href":"https:\/\/www.ai2p.fr\/index.php\/wp-json\/wp\/v2\/pages\/156\/revisions\/163"}],"wp:attachment":[{"href":"https:\/\/www.ai2p.fr\/index.php\/wp-json\/wp\/v2\/media?parent=156"}],"curies":[{"name":"wp","href":"https:\/\/api.w.org\/{rel}","templated":true}]}}